{"id":11,"date":"2019-03-26T18:20:09","date_gmt":"2019-03-26T18:20:09","guid":{"rendered":"https:\/\/isef.edu.ar\/wp\/?page_id=11"},"modified":"2024-05-28T17:09:01","modified_gmt":"2024-05-28T17:09:01","slug":"contacto","status":"publish","type":"page","link":"https:\/\/isef.edu.ar\/wp\/contacto\/","title":{"rendered":"Contacto"},"content":{"rendered":"\n<h3 class=\"wp-block-heading\">Instituto Superior de Educaci\u00f3n F\u00edsica Bell<\/h3>\n\n\n\n<p><\/p>\n\n\n<div class=\"wp-block-image\">\n<figure class=\"aligncenter size-large\"><a href=\"https:\/\/isef.edu.ar\/wp\/wp-content\/uploads\/2021\/06\/cba7a38b-b658-4b95-94c6-0bdca5b33204.jpg\"><img loading=\"lazy\" decoding=\"async\" width=\"1024\" height=\"1024\" src=\"https:\/\/isef.edu.ar\/wp\/wp-content\/uploads\/2021\/06\/cba7a38b-b658-4b95-94c6-0bdca5b33204-1024x1024.jpg\" alt=\"\" class=\"wp-image-493\" srcset=\"https:\/\/isef.edu.ar\/wp\/wp-content\/uploads\/2021\/06\/cba7a38b-b658-4b95-94c6-0bdca5b33204-1024x1024.jpg 1024w, https:\/\/isef.edu.ar\/wp\/wp-content\/uploads\/2021\/06\/cba7a38b-b658-4b95-94c6-0bdca5b33204-300x300.jpg 300w, https:\/\/isef.edu.ar\/wp\/wp-content\/uploads\/2021\/06\/cba7a38b-b658-4b95-94c6-0bdca5b33204-150x150.jpg 150w, https:\/\/isef.edu.ar\/wp\/wp-content\/uploads\/2021\/06\/cba7a38b-b658-4b95-94c6-0bdca5b33204-768x768.jpg 768w, https:\/\/isef.edu.ar\/wp\/wp-content\/uploads\/2021\/06\/cba7a38b-b658-4b95-94c6-0bdca5b33204.jpg 1080w\" sizes=\"auto, (max-width: 1024px) 100vw, 1024px\" \/><\/a><\/figure><\/div>\n\n\n<hr class=\"wp-block-separator has-css-opacity aligncenter is-style-dots\"\/>\n\n\n\n<div class=\"wp-block-columns has-2-columns is-layout-flex wp-container-core-columns-is-layout-1 wp-block-columns-is-layout-flex\">\n<div class=\"wp-block-column is-layout-flow wp-block-column-is-layout-flow\"><div class=\"wp-block-image\">\n<figure class=\"aligncenter\"><a href=\"https:\/\/www.facebook.com\/ISEF-BELL-279938562664477\/\" target=\"_blank\" rel=\"noreferrer noopener\"><img loading=\"lazy\" decoding=\"async\" width=\"128\" height=\"128\" src=\"https:\/\/isef.edu.ar\/wp\/wp-content\/uploads\/2019\/03\/facebook.png\" alt=\"\" class=\"wp-image-79\"\/><\/a><figcaption class=\"wp-element-caption\">ISEF en Facebook<\/figcaption><\/figure><\/div><\/div>\n\n\n\n<div class=\"wp-block-column is-layout-flow wp-block-column-is-layout-flow\"><div class=\"wp-block-image\">\n<figure class=\"aligncenter\"><a href=\"https:\/\/www.instagram.com\/instituto_de_educacion_fisica\/\" target=\"_blank\" rel=\"noreferrer noopener\"><img loading=\"lazy\" decoding=\"async\" width=\"128\" height=\"128\" src=\"https:\/\/isef.edu.ar\/wp\/wp-content\/uploads\/2019\/03\/instagram.png\" alt=\"\" class=\"wp-image-80\"\/><\/a><figcaption class=\"wp-element-caption\">ISEF en Instagram<\/figcaption><\/figure><\/div>\n\n\n<p><\/p>\n<\/div>\n<\/div>\n\n\n\n<hr class=\"wp-block-separator has-css-opacity is-style-dots\"\/>\n\n\n\n<h3 class=\"wp-block-heading\">Correo electr\u00f3nico: <a href=\"mailto:consultas@isef.edu.ar\">consultas@isef.edu.ar<\/a><\/h3>\n\n\n\n<hr class=\"wp-block-separator has-css-opacity is-style-dots\"\/>\n\n\n\n<h3 class=\"wp-block-heading\">ISEF en Google Maps<\/h3>\n\n\n<p><iframe loading=\"lazy\" src=\"https:\/\/www.google.com\/maps\/embed?pb=!1m18!1m12!1m3!1d3360.2395368060006!2d-62.696287849206946!3d-32.62644396298753!2m3!1f0!2f0!3f0!3m2!1i1024!2i768!4f13.1!3m3!1m2!1s0x95cbfa5a55cef7b5%3A0x1135ba275df0ca9!2sBv.+Col%C3%B3n+135%2C+Bell+Ville%2C+C%C3%B3rdoba!5e0!3m2!1ses!2sar!4v1553631981893\" width=\"100%\" height=\"450\" frameborder=\"0\" style=\"border:0\" allowfullscreen=\"\"><\/iframe><\/p>\n\n\n\n<hr class=\"wp-block-separator has-css-opacity is-style-dots\"\/>\n\n\n\n<h3 class=\"wp-block-heading\">ISEF en Google Street View<\/h3>\n\n\n<p><iframe loading=\"lazy\" src=\"https:\/\/www.google.com\/maps\/embed?pb=!4v1553632092918!6m8!1m7!1sHyKc8mbRFkoaOwKdtBvh0w!2m2!1d-32.6264274015351!2d-62.6941087315966!3f262.4701833497942!4f2.3958409105645586!5f0.7820865974627469\" width=\"100%\" height=\"450\" frameborder=\"0\" style=\"border:0\" allowfullscreen=\"\"><\/iframe><\/p>\n\n\n\n<p><\/p>\n","protected":false},"excerpt":{"rendered":"<p>Instituto Superior de Educaci\u00f3n F\u00edsica Bell Correo electr\u00f3nico: consultas@isef.edu.ar ISEF en Google Maps ISEF en Google Street View<\/p>\n","protected":false},"author":3,"featured_media":0,"parent":0,"menu_order":0,"comment_status":"closed","ping_status":"closed","template":"","meta":{"footnotes":""},"class_list":["post-11","page","type-page","status-publish","hentry"],"_links":{"self":[{"href":"https:\/\/isef.edu.ar\/wp\/wp-json\/wp\/v2\/pages\/11","targetHints":{"allow":["GET"]}}],"collection":[{"href":"https:\/\/isef.edu.ar\/wp\/wp-json\/wp\/v2\/pages"}],"about":[{"href":"https:\/\/isef.edu.ar\/wp\/wp-json\/wp\/v2\/types\/page"}],"author":[{"embeddable":true,"href":"https:\/\/isef.edu.ar\/wp\/wp-json\/wp\/v2\/users\/3"}],"replies":[{"embeddable":true,"href":"https:\/\/isef.edu.ar\/wp\/wp-json\/wp\/v2\/comments?post=11"}],"version-history":[{"count":8,"href":"https:\/\/isef.edu.ar\/wp\/wp-json\/wp\/v2\/pages\/11\/revisions"}],"predecessor-version":[{"id":572,"href":"https:\/\/isef.edu.ar\/wp\/wp-json\/wp\/v2\/pages\/11\/revisions\/572"}],"wp:attachment":[{"href":"https:\/\/isef.edu.ar\/wp\/wp-json\/wp\/v2\/media?parent=11"}],"curies":[{"name":"wp","href":"https:\/\/api.w.org\/{rel}","templated":true}]}}